{"id":7740,"date":"2025-11-06T18:05:45","date_gmt":"2025-11-06T16:05:45","guid":{"rendered":"https:\/\/massaaz.veebistar.ee\/dopusk\/apel\/"},"modified":"2026-03-25T10:13:33","modified_gmt":"2026-03-25T08:13:33","slug":"vota","status":"publish","type":"page","link":"https:\/\/massaaz.veebistar.ee\/ru\/dopusk\/vota\/","title":{"rendered":"V\u00d5TA"},"content":{"rendered":"<div class=\"wpb-content-wrapper\">[vc_row content_placement=&#187;middle&#187; pix_particles_check=&#187;&#187;][vc_column width=&#187;1\/2&#8243; content_align=&#187;text-center&#187; css=&#187;.vc_custom_1763985740600{margin-right: 20px !important;margin-left: 20px !important;padding-top: 80px !important;padding-right: 30px !important;padding-bottom: 80px !important;padding-left: 30px !important;border-color: #e9ecef !important;}&#187;]<div id=\"pix-feature-1763984157341-26d11842-eb9a\" class=\"pix-feature-el text-center  vc_custom_1768835128034\"><div class=\"pix-feature-icon d-inline-block mw-100 text-primary \"   style=\"aspect-ratio:1\/1 !important;position:relative;text-align:center;font-size:64px;line-height:64px;\"><svg class=\"pixfort-icon \" width=\"24\" height=\"24\"  data-name=\"Line\/pixfort-icon-document-content-left-1\" viewBox=\"2 2 20 20\"><path fill=\"none\" stroke=\"var(--pf-icon-color)\" stroke-linecap=\"round\" stroke-linejoin=\"round\" stroke-width=\"var(--pf-icon-stroke-width)\" d=\"M7,3 L17,3 C18.1045695,3 19,3.8954305 19,5 L19,19 C19,20.1045695 18.1045695,21 17,21 L7,21 C5.8954305,21 5,20.1045695 5,19 L5,5 C5,3.8954305 5.8954305,3 7,3 Z M9,7 L15,7 M9,11 L15,11 M9,15 L11,15\"\/><\/svg><\/div><h4 class=\"pix-feature-title  font-weight-bold   text-heading-default \" style=\"padding-top:30px;\"  >\u0417\u0430\u043f\u043e\u043b\u043d\u0438\u0442\u0435 \u0437\u0430\u044f\u0432\u043b\u0435\u043d\u0438\u0435 V\u00d5TA<\/h4><div class=\"pix-feature-content text-text-gray text-18     \" style=\"padding-top:10px;\"  ><\/div><\/div>[vc_column_text css=&#187;&#187;]\r\n<p style=\"text-align: center;\">\u041f\u043e \u0432\u0441\u0435\u043c \u0434\u043e\u043f\u043e\u043b\u043d\u0438\u0442\u0435\u043b\u044c\u043d\u044b\u043c \u0432\u043e\u043f\u0440\u043e\u0441\u0430\u043c, \u0441\u0432\u044f\u0437\u0430\u043d\u043d\u044b\u043c \u0441 V\u00d5TA, \u043f\u0440\u043e\u0441\u0438\u043c \u043e\u0431\u0440\u0430\u0449\u0430\u0442\u044c\u0441\u044f \u043f\u043e \u0430\u0434\u0440\u0435\u0441\u0443 <a href=\"mailto:info@massaaz.ee\">info@massaaz.ee<\/a><\/p>\r\n[\/vc_column_text]<a  href=\"https:\/\/massaaz.veebistar.ee\/wp-content\/uploads\/2025\/11\/VOTA-kord-2017_.pdf\" class=\"btn mb-2      btn-primary btn-flat d-inline-flex align-items-center pix-hover-item       btn-normal\"     ><span class=\"font-weight-bold \" >\u041f\u043e\u0440\u044f\u0434\u043e\u043a V\u00d5TA<\/span><svg class=\"pixfort-icon font-weight-bold  pix-hover-right  ml-2\" width=\"24\" height=\"24\"  data-name=\"Line\/pixfort-icon-arrow-right-double-1\" viewBox=\"2 2 20 20\"><path fill=\"none\" stroke=\"var(--pf-icon-color)\" stroke-linecap=\"round\" stroke-linejoin=\"round\" stroke-width=\"var(--pf-icon-stroke-width)\" d=\"M7,17 L12,12 L7,7 M12,17 L17,12 L12,7\"\/><\/svg><\/a><a  href=\"https:\/\/massaaz.veebistar.ee\/wp-content\/uploads\/2025\/11\/VOTA-taotluse-vorm-2017_.doc\" class=\"btn mb-2      btn-primary btn-flat d-inline-flex align-items-center pix-hover-item       btn-normal\"     ><span class=\"font-weight-bold \" >\u0417\u0430\u044f\u0432\u043b\u0435\u043d\u0438\u0435 V\u00d5TA<\/span><svg class=\"pixfort-icon font-weight-bold  pix-hover-right  ml-2\" width=\"24\" height=\"24\"  data-name=\"Line\/pixfort-icon-arrow-right-double-1\" viewBox=\"2 2 20 20\"><path fill=\"none\" stroke=\"var(--pf-icon-color)\" stroke-linecap=\"round\" stroke-linejoin=\"round\" stroke-width=\"var(--pf-icon-stroke-width)\" d=\"M7,17 L12,12 L7,7 M12,17 L17,12 L12,7\"\/><\/svg><\/a>[\/vc_column][vc_column width=&#187;1\/2&#8243;]<div class=\"accordion w-100 accordion-card \" id=\"accordion-1590709472675-f4008e87-9d5b\"><div class=\"card \">\n   <div class=\"card-header bg-white pix-mb-10 shadow-sm rounded-lg\" id=\"heading1590709628460-e48f739e-ddc8f524-b1ce\">\n       <button class=\"btn btn-link text-left rounded-lg bg-white\" type=\"button\" data-toggle=\"collapse\" data-target=\"#collapse1590709628460-e48f739e-ddc8f524-b1ce\" aria-expanded=\"true\" aria-controls=\"collapse1590709628460-e48f739e-ddc8f524-b1ce\" ><span class=\"d-inline-block text-primary svg-20 pix-mr-10\" ><svg class=\"pixfort-icon \" width=\"24\" height=\"24\"  data-name=\"Duotone\/pixfort-icon-chat-left-check-3\" viewBox=\"2 2 20 20\"><g fill=\"none\" fill-rule=\"evenodd\"><path fill=\"var(--pf-icon-color)\" fill-opacity=\".25\" d=\"M12,2 C6.4771525,2 2,6.4771525 2,12 C2,17.5228475 6.4771525,22 12,22 L12.380693,21.9928668 C13.89896,21.9358926 15.3606921,21.5387269 16.6768488,20.8410409 L16.909,20.712 L20.6887866,21.9503401 C21.4259973,22.1917587 22.1454295,21.5382878 21.9757985,20.7813282 L20.99,16.384 L21.1474564,16.0459548 C21.7061631,14.7846433 22,13.4127281 22,12 C22,6.4771525 17.5228475,2 12,2 Z\" transform=\"matrix(-1 0 0 1 24 0)\"\/><path fill=\"var(--pf-icon-color)\" d=\"M14.2928932,9.29289322 C14.6834175,8.90236893 15.3165825,8.90236893 15.7071068,9.29289322 C16.0976311,9.68341751 16.0976311,10.3165825 15.7071068,10.7071068 L11.7071068,14.7071068 C11.3165825,15.0976311 10.6834175,15.0976311 10.2928932,14.7071068 L8.29289322,12.7071068 C7.90236893,12.3165825 7.90236893,11.6834175 8.29289322,11.2928932 C8.68341751,10.9023689 9.31658249,10.9023689 9.70710678,11.2928932 L11,12.585 L14.2928932,9.29289322 Z\"\/><\/g><\/svg><\/span><span class=\"font-weight-bold text-heading-default\" >\u0427\u0442\u043e \u0442\u0430\u043a\u043e\u0435 V\u00d5TA?<\/span><\/button>\n   <\/div>\n   <div id=\"collapse1590709628460-e48f739e-ddc8f524-b1ce\" class=\"collapse show  vc_custom_1768835169894\" aria-labelledby=\"heading1590709628460-e48f739e-ddc8f524-b1ce\">\n     <div class=\"card-body\">\n         [vc_column_text css=&#187;&#187;]<strong>V\u00d5TA \u2014 \u044d\u0442\u043e \u0437\u0430\u0447\u0451\u0442 \u0440\u0430\u043d\u0435\u0435 \u043f\u043e\u043b\u0443\u0447\u0435\u043d\u043d\u043e\u0433\u043e \u043e\u0431\u0440\u0430\u0437\u043e\u0432\u0430\u043d\u0438\u044f \u0438 \u043f\u0440\u043e\u0444\u0435\u0441\u0441\u0438\u043e\u043d\u0430\u043b\u044c\u043d\u043e\u0433\u043e \u043e\u043f\u044b\u0442\u0430<\/strong>\r\n(\u043d\u0430 \u0430\u043d\u0433\u043b\u0438\u0439\u0441\u043a\u043e\u043c \u044f\u0437\u044b\u043a\u0435: APEL \u2013 Accreditation of Prior and Experiential Learning).\r\n\r\n<strong>V\u00d5TA \u043f\u043e\u0437\u0432\u043e\u043b\u044f\u0435\u0442 \u0443\u0447\u0438\u0442\u044b\u0432\u0430\u0442\u044c:<\/strong>\r\n<ul>\r\n \t<li>\u0440\u0430\u043d\u0435\u0435 \u043f\u0440\u043e\u0439\u0434\u0435\u043d\u043d\u043e\u0435 \u043e\u0431\u0443\u0447\u0435\u043d\u0438\u0435 \u0432 \u043e\u0431\u0440\u0430\u0437\u043e\u0432\u0430\u0442\u0435\u043b\u044c\u043d\u044b\u0445 \u0443\u0447\u0440\u0435\u0436\u0434\u0435\u043d\u0438\u044f\u0445;<\/li>\r\n \t<li>\u0437\u043d\u0430\u043d\u0438\u044f, \u043f\u043e\u043b\u0443\u0447\u0435\u043d\u043d\u044b\u0435 \u0432 \u0440\u0430\u043c\u043a\u0430\u0445 \u0434\u043e\u043f\u043e\u043b\u043d\u0438\u0442\u0435\u043b\u044c\u043d\u043e\u0433\u043e \u043e\u0431\u0440\u0430\u0437\u043e\u0432\u0430\u043d\u0438\u044f;<\/li>\r\n \t<li>\u0437\u043d\u0430\u043d\u0438\u044f \u0438 \u043d\u0430\u0432\u044b\u043a\u0438, \u043f\u0440\u0438\u043e\u0431\u0440\u0435\u0442\u0451\u043d\u043d\u044b\u0435 \u0432 \u0445\u043e\u0434\u0435 \u0442\u0440\u0443\u0434\u043e\u0432\u043e\u0439 \u0434\u0435\u044f\u0442\u0435\u043b\u044c\u043d\u043e\u0441\u0442\u0438.<\/li>\r\n<\/ul>\r\n[\/vc_column_text]\n     <\/div>\n   <\/div>\n <\/div><div class=\"card \">\n   <div class=\"card-header bg-white pix-mb-10 shadow-sm rounded-lg\" id=\"heading1763984356305-a3461d07-f301\">\n       <button class=\"btn btn-link text-left rounded-lg bg-white\" type=\"button\" data-toggle=\"collapse\" data-target=\"#collapse1763984356305-a3461d07-f301\" aria-expanded=\"true\" aria-controls=\"collapse1763984356305-a3461d07-f301\" ><span class=\"d-inline-block text-primary svg-20 pix-mr-10\" ><svg class=\"pixfort-icon \" width=\"24\" height=\"24\"  data-name=\"Duotone\/pixfort-icon-chat-left-check-3\" viewBox=\"2 2 20 20\"><g fill=\"none\" fill-rule=\"evenodd\"><path fill=\"var(--pf-icon-color)\" fill-opacity=\".25\" d=\"M12,2 C6.4771525,2 2,6.4771525 2,12 C2,17.5228475 6.4771525,22 12,22 L12.380693,21.9928668 C13.89896,21.9358926 15.3606921,21.5387269 16.6768488,20.8410409 L16.909,20.712 L20.6887866,21.9503401 C21.4259973,22.1917587 22.1454295,21.5382878 21.9757985,20.7813282 L20.99,16.384 L21.1474564,16.0459548 C21.7061631,14.7846433 22,13.4127281 22,12 C22,6.4771525 17.5228475,2 12,2 Z\" transform=\"matrix(-1 0 0 1 24 0)\"\/><path fill=\"var(--pf-icon-color)\" d=\"M14.2928932,9.29289322 C14.6834175,8.90236893 15.3165825,8.90236893 15.7071068,9.29289322 C16.0976311,9.68341751 16.0976311,10.3165825 15.7071068,10.7071068 L11.7071068,14.7071068 C11.3165825,15.0976311 10.6834175,15.0976311 10.2928932,14.7071068 L8.29289322,12.7071068 C7.90236893,12.3165825 7.90236893,11.6834175 8.29289322,11.2928932 C8.68341751,10.9023689 9.31658249,10.9023689 9.70710678,11.2928932 L11,12.585 L14.2928932,9.29289322 Z\"\/><\/g><\/svg><\/span><span class=\"font-weight-bold text-heading-default\" >\u0426\u0435\u043b\u044c V\u00d5TA<\/span><\/button>\n   <\/div>\n   <div id=\"collapse1763984356305-a3461d07-f301\" class=\"collapse   vc_custom_1768835228110\" aria-labelledby=\"heading1763984356305-a3461d07-f301\">\n     <div class=\"card-body\">\n         [vc_column_text css=&#187;&#187;]\u0426\u0435\u043b\u044c\u044e V\u00d5TA \u044f\u0432\u043b\u044f\u0435\u0442\u0441\u044f \u043f\u043e\u0434\u0434\u0435\u0440\u0436\u043a\u0430 \u043d\u0435\u043f\u0440\u0435\u0440\u044b\u0432\u043d\u043e\u0433\u043e \u043e\u0431\u0440\u0430\u0437\u043e\u0432\u0430\u043d\u0438\u044f \u0438 \u0440\u0430\u0437\u0432\u0438\u0442\u0438\u0435 \u0441\u0432\u044f\u0437\u0435\u0439 \u043c\u0435\u0436\u0434\u0443 \u0440\u0430\u0437\u043b\u0438\u0447\u043d\u044b\u043c\u0438 \u0443\u0440\u043e\u0432\u043d\u044f\u043c\u0438 \u043e\u0431\u0440\u0430\u0437\u043e\u0432\u0430\u043d\u0438\u044f, \u0430 \u0442\u0430\u043a\u0436\u0435 \u043c\u0435\u0436\u0434\u0443 \u043e\u0431\u0443\u0447\u0435\u043d\u0438\u0435\u043c \u0438 \u0440\u044b\u043d\u043a\u043e\u043c \u0442\u0440\u0443\u0434\u0430. V\u00d5TA \u043f\u043e\u043c\u043e\u0433\u0430\u0435\u0442 \u043f\u0440\u0438\u0437\u043d\u0430\u0442\u044c \u0438 \u043e\u0446\u0435\u043d\u0438\u0442\u044c \u0440\u0430\u043d\u0435\u0435 \u043f\u0440\u0438\u043e\u0431\u0440\u0435\u0442\u0451\u043d\u043d\u044b\u0435 \u0437\u043d\u0430\u043d\u0438\u044f, \u043d\u0430\u0432\u044b\u043a\u0438 \u0438 \u043a\u043e\u043c\u043f\u0435\u0442\u0435\u043d\u0446\u0438\u0438 \u043d\u0435\u0437\u0430\u0432\u0438\u0441\u0438\u043c\u043e \u043e\u0442 \u0441\u043f\u043e\u0441\u043e\u0431\u0430 \u0438\u0445 \u043f\u043e\u043b\u0443\u0447\u0435\u043d\u0438\u044f.\r\n\r\n<strong>V\u00d5TA \u043c\u043e\u0436\u0435\u0442 \u0438\u0441\u043f\u043e\u043b\u044c\u0437\u043e\u0432\u0430\u0442\u044c\u0441\u044f:<\/strong>\r\n<ul>\r\n \t<li>\u0434\u043b\u044f \u043f\u043e\u0441\u0442\u0443\u043f\u043b\u0435\u043d\u0438\u044f \u043d\u0430 \u043e\u0431\u0443\u0447\u0435\u043d\u0438\u0435;<\/li>\r\n \t<li>\u0434\u043b\u044f \u043f\u0440\u043e\u0434\u043e\u043b\u0436\u0435\u043d\u0438\u044f \u043f\u0440\u0435\u0440\u0432\u0430\u043d\u043d\u043e\u0433\u043e \u043e\u0431\u0443\u0447\u0435\u043d\u0438\u044f;<\/li>\r\n \t<li>\u0434\u043b\u044f \u0432\u044b\u043f\u043e\u043b\u043d\u0435\u043d\u0438\u044f \u0443\u0447\u0435\u0431\u043d\u043e\u0439 \u043f\u0440\u043e\u0433\u0440\u0430\u043c\u043c\u044b.<\/li>\r\n<\/ul>\r\n\u0417\u0430\u043f\u043e\u043b\u043d\u0438\u0442\u0435 \u0437\u0430\u044f\u0432\u043b\u0435\u043d\u0438\u0435 V\u00d5TA \u0438 \u043d\u0430\u043f\u0440\u0430\u0432\u044c\u0442\u0435 \u0435\u0433\u043e \u0432 \u0443\u0447\u0435\u0431\u043d\u044b\u0439 \u043e\u0442\u0434\u0435\u043b \u043f\u043e \u0430\u0434\u0440\u0435\u0441\u0443\r\n<a href=\"mailto:info@massaaz.ee\">info@massaaz.ee<\/a>[\/vc_column_text]\n     <\/div>\n   <\/div>\n <\/div><\/div>[\/vc_column][\/vc_row]<\/div>","protected":false},"excerpt":{"rendered":"[vc_row content_placement=&#187;middle&#187; pix_particles_check=&#187;&#187;][vc_column width=&#187;1\/2&#8243; content_align=&#187;text-center&#187; css=&#187;.vc_custom_1763985740600{margin-right: 20px !important;margin-left: 20px !important;padding-top: 80px !important;padding-right: 30px !important;padding-bottom: 80px !important;padding-left: 30px !important;border-color: #e9ecef !important;}&#187;][vc_column_text css=&#187;&#187;] \u041f\u043e \u0432\u0441\u0435\u043c \u0434\u043e\u043f\u043e\u043b\u043d\u0438\u0442\u0435\u043b\u044c\u043d\u044b\u043c \u0432\u043e\u043f\u0440\u043e\u0441\u0430\u043c, \u0441\u0432\u044f\u0437\u0430\u043d\u043d\u044b\u043c \u0441 V\u00d5TA, \u043f\u0440\u043e\u0441\u0438\u043c \u043e\u0431\u0440\u0430\u0449\u0430\u0442\u044c\u0441\u044f \u043f\u043e \u0430\u0434\u0440\u0435\u0441\u0443 info@massaaz.ee [\/vc_column_text][\/vc_column][vc_column width=&#187;1\/2&#8243;][\/vc_column][\/vc_row]","protected":false},"author":1,"featured_media":0,"parent":7719,"menu_order":0,"comment_status":"closed","ping_status":"closed","template":"","meta":{"_price":"","_stock":"","_tribe_ticket_header":"","_tribe_default_ticket_provider":"TEC\\Tickets\\Commerce\\Module","_tribe_ticket_capacity":"0","_ticket_start_date":"","_ticket_end_date":"","_tribe_ticket_show_description":"","_tribe_ticket_show_not_going":false,"_tribe_ticket_use_global_stock":"","_tribe_ticket_global_stock_level":"","_global_stock_mode":"","_global_stock_cap":"","_tribe_rsvp_for_event":"","_tribe_ticket_going_count":"","_tribe_ticket_not_going_count":"","_tribe_tickets_list":"[]","_tribe_ticket_has_attendee_info_fields":false,"footnotes":"","_tec_slr_enabled":"","_tec_slr_layout":""},"class_list":["post-7740","page","type-page","status-publish","hentry"],"yoast_head":"<!-- This site is optimized with the Yoast SEO plugin v27.3 - https:\/\/yoast.com\/product\/yoast-seo-wordpress\/ -->\n<title>V\u00d5TA - Rakenduslik Massaa\u017ei- ja Teraapiakolled\u017e<\/title>\n<meta name=\"description\" content=\"V\u00d5TA \u0432 \u0448\u043a\u043e\u043b\u0435 \u043c\u0430\u0441\u0441\u0430\u0436\u0430: \u0437\u0430\u0447\u0451\u0442 \u0440\u0430\u043d\u0435\u0435 \u043f\u043e\u043b\u0443\u0447\u0435\u043d\u043d\u043e\u0433\u043e \u043e\u0431\u0440\u0430\u0437\u043e\u0432\u0430\u043d\u0438\u044f \u0438 \u043e\u043f\u044b\u0442\u0430 \u0434\u043b\u044f \u043f\u043e\u0441\u0442\u0443\u043f\u043b\u0435\u043d\u0438\u044f \u0438 \u043f\u0440\u043e\u0434\u043e\u043b\u0436\u0435\u043d\u0438\u044f \u043e\u0431\u0443\u0447\u0435\u043d\u0438\u044f. \u0414\u043b\u044f \u043a\u0443\u0440\u0441\u043e\u0432 \u043c\u0430\u0441\u0441\u0430\u0436\u0430 \u0438 \u043f\u043e\u0432\u044b\u0448\u0435\u043d\u0438\u044f \u043a\u0432\u0430\u043b\u0438\u0444\u0438\u043a\u0430\u0446\u0438\u0438.\" \/>\n<meta name=\"robots\" content=\"noindex, follow, max-snippet:-1, max-image-preview:large, max-video-preview:-1\" \/>\n<meta property=\"og:locale\" content=\"ru_RU\" \/>\n<meta property=\"og:type\" content=\"article\" \/>\n<meta property=\"og:title\" content=\"V\u00d5TA - Rakenduslik Massaa\u017ei- ja Teraapiakolled\u017e\" \/>\n<meta property=\"og:description\" content=\"V\u00d5TA \u0432 \u0448\u043a\u043e\u043b\u0435 \u043c\u0430\u0441\u0441\u0430\u0436\u0430: \u0437\u0430\u0447\u0451\u0442 \u0440\u0430\u043d\u0435\u0435 \u043f\u043e\u043b\u0443\u0447\u0435\u043d\u043d\u043e\u0433\u043e \u043e\u0431\u0440\u0430\u0437\u043e\u0432\u0430\u043d\u0438\u044f \u0438 \u043e\u043f\u044b\u0442\u0430 \u0434\u043b\u044f \u043f\u043e\u0441\u0442\u0443\u043f\u043b\u0435\u043d\u0438\u044f \u0438 \u043f\u0440\u043e\u0434\u043e\u043b\u0436\u0435\u043d\u0438\u044f \u043e\u0431\u0443\u0447\u0435\u043d\u0438\u044f. \u0414\u043b\u044f \u043a\u0443\u0440\u0441\u043e\u0432 \u043c\u0430\u0441\u0441\u0430\u0436\u0430 \u0438 \u043f\u043e\u0432\u044b\u0448\u0435\u043d\u0438\u044f \u043a\u0432\u0430\u043b\u0438\u0444\u0438\u043a\u0430\u0446\u0438\u0438.\" \/>\n<meta property=\"og:url\" content=\"https:\/\/massaaz.veebistar.ee\/ru\/dopusk\/vota\/\" \/>\n<meta property=\"og:site_name\" content=\"Rakenduslik Massaa\u017ei- ja Teraapiakolled\u017e\" \/>\n<meta property=\"article:modified_time\" content=\"2026-03-25T08:13:33+00:00\" \/>\n<meta name=\"twitter:card\" content=\"summary_large_image\" \/>\n<meta name=\"twitter:label1\" content=\"\u041f\u0440\u0438\u043c\u0435\u0440\u043d\u043e\u0435 \u0432\u0440\u0435\u043c\u044f \u0434\u043b\u044f \u0447\u0442\u0435\u043d\u0438\u044f\" \/>\n\t<meta name=\"twitter:data1\" content=\"2 \u043c\u0438\u043d\u0443\u0442\u044b\" \/>\n<script type=\"application\/ld+json\" class=\"yoast-schema-graph\">{\"@context\":\"https:\\\/\\\/schema.org\",\"@graph\":[{\"@type\":\"WebPage\",\"@id\":\"https:\\\/\\\/massaaz.veebistar.ee\\\/ru\\\/dopusk\\\/vota\\\/\",\"url\":\"https:\\\/\\\/massaaz.veebistar.ee\\\/ru\\\/dopusk\\\/vota\\\/\",\"name\":\"V\u00d5TA - Rakenduslik Massaa\u017ei- ja Teraapiakolled\u017e\",\"isPartOf\":{\"@id\":\"https:\\\/\\\/massaaz.veebistar.ee\\\/#website\"},\"datePublished\":\"2025-11-06T16:05:45+00:00\",\"dateModified\":\"2026-03-25T08:13:33+00:00\",\"description\":\"V\u00d5TA \u0432 \u0448\u043a\u043e\u043b\u0435 \u043c\u0430\u0441\u0441\u0430\u0436\u0430: \u0437\u0430\u0447\u0451\u0442 \u0440\u0430\u043d\u0435\u0435 \u043f\u043e\u043b\u0443\u0447\u0435\u043d\u043d\u043e\u0433\u043e \u043e\u0431\u0440\u0430\u0437\u043e\u0432\u0430\u043d\u0438\u044f \u0438 \u043e\u043f\u044b\u0442\u0430 \u0434\u043b\u044f \u043f\u043e\u0441\u0442\u0443\u043f\u043b\u0435\u043d\u0438\u044f \u0438 \u043f\u0440\u043e\u0434\u043e\u043b\u0436\u0435\u043d\u0438\u044f \u043e\u0431\u0443\u0447\u0435\u043d\u0438\u044f. \u0414\u043b\u044f \u043a\u0443\u0440\u0441\u043e\u0432 \u043c\u0430\u0441\u0441\u0430\u0436\u0430 \u0438 \u043f\u043e\u0432\u044b\u0448\u0435\u043d\u0438\u044f \u043a\u0432\u0430\u043b\u0438\u0444\u0438\u043a\u0430\u0446\u0438\u0438.\",\"breadcrumb\":{\"@id\":\"https:\\\/\\\/massaaz.veebistar.ee\\\/ru\\\/dopusk\\\/vota\\\/#breadcrumb\"},\"inLanguage\":\"ru-RU\",\"potentialAction\":[{\"@type\":\"ReadAction\",\"target\":[\"https:\\\/\\\/massaaz.veebistar.ee\\\/ru\\\/dopusk\\\/vota\\\/\"]}]},{\"@type\":\"BreadcrumbList\",\"@id\":\"https:\\\/\\\/massaaz.veebistar.ee\\\/ru\\\/dopusk\\\/vota\\\/#breadcrumb\",\"itemListElement\":[{\"@type\":\"ListItem\",\"position\":1,\"name\":\"Home\",\"item\":\"https:\\\/\\\/massaaz.veebistar.ee\\\/ru\\\/\"},{\"@type\":\"ListItem\",\"position\":2,\"name\":\"\u0414\u043e\u043f\u0443\u0441\u043a\",\"item\":\"https:\\\/\\\/massaaz.veebistar.ee\\\/ru\\\/dopusk\\\/\"},{\"@type\":\"ListItem\",\"position\":3,\"name\":\"V\u00d5TA\"}]},{\"@type\":\"WebSite\",\"@id\":\"https:\\\/\\\/massaaz.veebistar.ee\\\/#website\",\"url\":\"https:\\\/\\\/massaaz.veebistar.ee\\\/\",\"name\":\"Rakenduslik Massaa\u017ei- ja Teraapiakolled\u017e\",\"description\":\"\",\"potentialAction\":[{\"@type\":\"SearchAction\",\"target\":{\"@type\":\"EntryPoint\",\"urlTemplate\":\"https:\\\/\\\/massaaz.veebistar.ee\\\/?s={search_term_string}\"},\"query-input\":{\"@type\":\"PropertyValueSpecification\",\"valueRequired\":true,\"valueName\":\"search_term_string\"}}],\"inLanguage\":\"ru-RU\"}]}<\/script>\n<!-- \/ Yoast SEO plugin. -->","yoast_head_json":{"title":"V\u00d5TA - Rakenduslik Massaa\u017ei- ja Teraapiakolled\u017e","description":"V\u00d5TA \u0432 \u0448\u043a\u043e\u043b\u0435 \u043c\u0430\u0441\u0441\u0430\u0436\u0430: \u0437\u0430\u0447\u0451\u0442 \u0440\u0430\u043d\u0435\u0435 \u043f\u043e\u043b\u0443\u0447\u0435\u043d\u043d\u043e\u0433\u043e \u043e\u0431\u0440\u0430\u0437\u043e\u0432\u0430\u043d\u0438\u044f \u0438 \u043e\u043f\u044b\u0442\u0430 \u0434\u043b\u044f \u043f\u043e\u0441\u0442\u0443\u043f\u043b\u0435\u043d\u0438\u044f \u0438 \u043f\u0440\u043e\u0434\u043e\u043b\u0436\u0435\u043d\u0438\u044f \u043e\u0431\u0443\u0447\u0435\u043d\u0438\u044f. \u0414\u043b\u044f \u043a\u0443\u0440\u0441\u043e\u0432 \u043c\u0430\u0441\u0441\u0430\u0436\u0430 \u0438 \u043f\u043e\u0432\u044b\u0448\u0435\u043d\u0438\u044f \u043a\u0432\u0430\u043b\u0438\u0444\u0438\u043a\u0430\u0446\u0438\u0438.","robots":{"index":"noindex","follow":"follow","max-snippet":"max-snippet:-1","max-image-preview":"max-image-preview:large","max-video-preview":"max-video-preview:-1"},"og_locale":"ru_RU","og_type":"article","og_title":"V\u00d5TA - Rakenduslik Massaa\u017ei- ja Teraapiakolled\u017e","og_description":"V\u00d5TA \u0432 \u0448\u043a\u043e\u043b\u0435 \u043c\u0430\u0441\u0441\u0430\u0436\u0430: \u0437\u0430\u0447\u0451\u0442 \u0440\u0430\u043d\u0435\u0435 \u043f\u043e\u043b\u0443\u0447\u0435\u043d\u043d\u043e\u0433\u043e \u043e\u0431\u0440\u0430\u0437\u043e\u0432\u0430\u043d\u0438\u044f \u0438 \u043e\u043f\u044b\u0442\u0430 \u0434\u043b\u044f \u043f\u043e\u0441\u0442\u0443\u043f\u043b\u0435\u043d\u0438\u044f \u0438 \u043f\u0440\u043e\u0434\u043e\u043b\u0436\u0435\u043d\u0438\u044f \u043e\u0431\u0443\u0447\u0435\u043d\u0438\u044f. \u0414\u043b\u044f \u043a\u0443\u0440\u0441\u043e\u0432 \u043c\u0430\u0441\u0441\u0430\u0436\u0430 \u0438 \u043f\u043e\u0432\u044b\u0448\u0435\u043d\u0438\u044f \u043a\u0432\u0430\u043b\u0438\u0444\u0438\u043a\u0430\u0446\u0438\u0438.","og_url":"https:\/\/massaaz.veebistar.ee\/ru\/dopusk\/vota\/","og_site_name":"Rakenduslik Massaa\u017ei- ja Teraapiakolled\u017e","article_modified_time":"2026-03-25T08:13:33+00:00","twitter_card":"summary_large_image","twitter_misc":{"\u041f\u0440\u0438\u043c\u0435\u0440\u043d\u043e\u0435 \u0432\u0440\u0435\u043c\u044f \u0434\u043b\u044f \u0447\u0442\u0435\u043d\u0438\u044f":"2 \u043c\u0438\u043d\u0443\u0442\u044b"},"schema":{"@context":"https:\/\/schema.org","@graph":[{"@type":"WebPage","@id":"https:\/\/massaaz.veebistar.ee\/ru\/dopusk\/vota\/","url":"https:\/\/massaaz.veebistar.ee\/ru\/dopusk\/vota\/","name":"V\u00d5TA - Rakenduslik Massaa\u017ei- ja Teraapiakolled\u017e","isPartOf":{"@id":"https:\/\/massaaz.veebistar.ee\/#website"},"datePublished":"2025-11-06T16:05:45+00:00","dateModified":"2026-03-25T08:13:33+00:00","description":"V\u00d5TA \u0432 \u0448\u043a\u043e\u043b\u0435 \u043c\u0430\u0441\u0441\u0430\u0436\u0430: \u0437\u0430\u0447\u0451\u0442 \u0440\u0430\u043d\u0435\u0435 \u043f\u043e\u043b\u0443\u0447\u0435\u043d\u043d\u043e\u0433\u043e \u043e\u0431\u0440\u0430\u0437\u043e\u0432\u0430\u043d\u0438\u044f \u0438 \u043e\u043f\u044b\u0442\u0430 \u0434\u043b\u044f \u043f\u043e\u0441\u0442\u0443\u043f\u043b\u0435\u043d\u0438\u044f \u0438 \u043f\u0440\u043e\u0434\u043e\u043b\u0436\u0435\u043d\u0438\u044f \u043e\u0431\u0443\u0447\u0435\u043d\u0438\u044f. \u0414\u043b\u044f \u043a\u0443\u0440\u0441\u043e\u0432 \u043c\u0430\u0441\u0441\u0430\u0436\u0430 \u0438 \u043f\u043e\u0432\u044b\u0448\u0435\u043d\u0438\u044f \u043a\u0432\u0430\u043b\u0438\u0444\u0438\u043a\u0430\u0446\u0438\u0438.","breadcrumb":{"@id":"https:\/\/massaaz.veebistar.ee\/ru\/dopusk\/vota\/#breadcrumb"},"inLanguage":"ru-RU","potentialAction":[{"@type":"ReadAction","target":["https:\/\/massaaz.veebistar.ee\/ru\/dopusk\/vota\/"]}]},{"@type":"BreadcrumbList","@id":"https:\/\/massaaz.veebistar.ee\/ru\/dopusk\/vota\/#breadcrumb","itemListElement":[{"@type":"ListItem","position":1,"name":"Home","item":"https:\/\/massaaz.veebistar.ee\/ru\/"},{"@type":"ListItem","position":2,"name":"\u0414\u043e\u043f\u0443\u0441\u043a","item":"https:\/\/massaaz.veebistar.ee\/ru\/dopusk\/"},{"@type":"ListItem","position":3,"name":"V\u00d5TA"}]},{"@type":"WebSite","@id":"https:\/\/massaaz.veebistar.ee\/#website","url":"https:\/\/massaaz.veebistar.ee\/","name":"Rakenduslik Massaa\u017ei- ja Teraapiakolled\u017e","description":"","potentialAction":[{"@type":"SearchAction","target":{"@type":"EntryPoint","urlTemplate":"https:\/\/massaaz.veebistar.ee\/?s={search_term_string}"},"query-input":{"@type":"PropertyValueSpecification","valueRequired":true,"valueName":"search_term_string"}}],"inLanguage":"ru-RU"}]}},"ticketed":false,"_links":{"self":[{"href":"https:\/\/massaaz.veebistar.ee\/ru\/wp-json\/wp\/v2\/pages\/7740","targetHints":{"allow":["GET"]}}],"collection":[{"href":"https:\/\/massaaz.veebistar.ee\/ru\/wp-json\/wp\/v2\/pages"}],"about":[{"href":"https:\/\/massaaz.veebistar.ee\/ru\/wp-json\/wp\/v2\/types\/page"}],"author":[{"embeddable":true,"href":"https:\/\/massaaz.veebistar.ee\/ru\/wp-json\/wp\/v2\/users\/1"}],"replies":[{"embeddable":true,"href":"https:\/\/massaaz.veebistar.ee\/ru\/wp-json\/wp\/v2\/comments?post=7740"}],"version-history":[{"count":3,"href":"https:\/\/massaaz.veebistar.ee\/ru\/wp-json\/wp\/v2\/pages\/7740\/revisions"}],"predecessor-version":[{"id":7743,"href":"https:\/\/massaaz.veebistar.ee\/ru\/wp-json\/wp\/v2\/pages\/7740\/revisions\/7743"}],"up":[{"embeddable":true,"href":"https:\/\/massaaz.veebistar.ee\/ru\/wp-json\/wp\/v2\/pages\/7719"}],"wp:attachment":[{"href":"https:\/\/massaaz.veebistar.ee\/ru\/wp-json\/wp\/v2\/media?parent=7740"}],"curies":[{"name":"wp","href":"https:\/\/api.w.org\/{rel}","templated":true}]}}