{"id":7952,"date":"2025-11-06T18:05:46","date_gmt":"2025-11-06T16:05:46","guid":{"rendered":"https:\/\/massaaz.veebistar.ee\/oppekavad\/massoor\/"},"modified":"2026-03-25T10:13:38","modified_gmt":"2026-03-25T08:13:38","slug":"massazhist","status":"publish","type":"page","link":"https:\/\/massaaz.veebistar.ee\/ru\/uchebnye-programmy\/massazhist\/","title":{"rendered":"\u041c\u0430\u0441\u0441\u0430\u0436\u0438\u0441\u0442"},"content":{"rendered":"<div class=\"wpb-content-wrapper\">[vc_row pix_particles_check=&#187;&#187;][vc_column][vc_column_text css=&#187;&#187;]<strong>\u0424\u043e\u0440\u043c\u0430 \u043e\u0431\u0443\u0447\u0435\u043d\u0438\u044f:\u00a0<\/strong>\u043d\u0435\u0441\u0442\u0430\u0446\u0438\u043e\u043d\u0430\u0440\u043d\u0430\u044f\r\n<strong><b>\u0423\u0440\u043e\u0432\u0435\u043d\u044c \u043e\u0431\u0440\u0430\u0437\u043e\u0432\u0430\u043d\u0438\u044f:\u00a0<\/b><\/strong>\u0441\u043f\u0435\u0446\u0438\u0430\u043b\u044c\u043d\u043e\u0435 \u043f\u0440\u043e\u0444\u0435\u0441\u0441\u0438\u043e\u043d\u0430\u043b\u044c\u043d\u043e\u0435 \u043e\u0431\u0440\u0430\u0437\u043e\u0432\u0430\u043d\u0438\u0435, 5-\u0439 \u043a\u0432\u0430\u043b\u0438\u0444\u0438\u043a\u0430\u0446\u0438\u043e\u043d\u043d\u044b\u0439 \u0443\u0440\u043e\u0432\u0435\u043d\u044c\r\n<strong>\u0422\u0440\u0435\u0431\u043e\u0432\u0430\u043d\u0438\u0435 \u043a \u043e\u0431\u0440\u0430\u0437\u043e\u0432\u0430\u043d\u0438\u044e \u0434\u043e \u043d\u0430\u0447\u0430\u043b\u0430 \u043e\u0431\u0443\u0447\u0435\u043d\u0438\u044f:<\/strong>\u00a0 \u0441\u0440\u0435\u0434\u043d\u0435\u0435 \u043e\u0431\u0440\u0430\u0437\u043e\u0432\u0430\u043d\u0438\u0435\r\n<strong>\u0421\u0444\u0435\u0440\u0430, \u043e\u0431\u043b\u0430\u0441\u0442\u044c:<\/strong>\u00a0\u0442\u0435\u0440\u0430\u043f\u0438\u044f \u0438 \u0432\u043e\u0441\u0441\u0442\u0430\u043d\u043e\u0432\u0438\u0442\u0435\u043b\u044c\u043d\u043e\u0435 \u043b\u0435\u0447\u0435\u043d\u0438\u0435\r\n<strong>\u041f\u0435\u0440\u0438\u043e\u0434 \u043e\u0431\u0443\u0447\u0435\u043d\u0438\u044f:<\/strong>\u00a02 \u0433\u043e\u0434\u0430\r\n<a href=\"https:\/\/massaaz.veebistar.ee\/wp-content\/uploads\/2025\/11\/Massoori_eriala_kutseoppe_oppekava_60EKAP_lisadega_2024_2026.pdf\" target=\"_blank\" rel=\"noopener\">Mass\u00f6\u00f6r rakenduskava 60EKAP (kood 10677)<\/a>\r\n<a href=\"https:\/\/massaaz.veebistar.ee\/wp-content\/uploads\/2025\/11\/Massoor_RK_60EKAP_2024_2026uus.pdf\" target=\"_blank\" rel=\"noopener noreferrer\">Mass\u00f6\u00f6r \u00f5ppekava 60 EKAP (kood 10677)<\/a>\r\n<strong>\u0421\u0442\u043e\u0438\u043c\u043e\u0441\u0442\u044c \u043e\u0431\u0443\u0447\u0435\u043d\u0438\u044f:<\/strong> 4920 \u20ac\r\n<strong>\u041f\u043e \u043e\u043a\u043e\u043d\u0447\u0430\u043d\u0438\u044e \u043e\u0431\u0443\u0447\u0435\u043d\u0438\u044f \u0432\u044b\u0434\u0430\u0435\u0442\u0441\u044f<\/strong> \u043e\u0441\u0443\u0434\u0430\u0440\u0441\u0442\u0432\u0435\u043d\u043d\u044b\u0439 \u0430\u0442\u0442\u0435\u0441\u0442\u0430\u0442 \u043e \u0441\u043f\u0435\u0446\u0438\u0430\u043b\u044c\u043d\u043e\u043c \u043f\u0440\u043e\u0444\u0435\u0441\u0441\u0438\u043e\u043d\u0430\u043b\u044c\u043d\u043e\u043c \u043e\u0431\u0440\u0430\u0437\u043e\u0432\u0430\u043d\u0438\u0438 \u0441 \u043e\u0442\u043c\u0435\u0442\u043a\u043e\u0439 \u043e \u043f\u043e\u043b\u0443\u0447\u0435\u043d\u043d\u043e\u0439 \u043f\u0440\u043e\u0444\u0435\u0441\u0441\u0438\u0438 \u041c\u0430\u0441\u0441\u0430\u0436\u0438\u0441\u0442.\r\n\r\n<strong>\u041c\u0430\u0441\u0441\u0430\u0436\u0438\u0441\u0442<\/strong> \u043e\u0431\u043b\u0430\u0434\u0430\u0435\u0442 \u0437\u043d\u0430\u043d\u0438\u044f\u043c\u0438, \u043d\u0430\u0432\u044b\u043a\u0430\u043c\u0438 \u0438 \u0446\u0435\u043d\u043d\u043e\u0441\u0442\u044f\u043c\u0438 \u0434\u043b\u044f \u0440\u0430\u0431\u043e\u0442\u044b \u0432 \u043a\u0430\u0447\u0435\u0441\u0442\u0432\u0435 \u0441\u043f\u0435\u0446\u0438\u0430\u043b\u0438\u0441\u0442\u0430 \u043f\u043e \u043c\u0430\u0441\u0441\u0430\u0436\u0443 \u0438 \u0441\u043e\u0446\u0438\u0430\u043b\u044c\u043d\u043e\u0439 \u0433\u043e\u0442\u043e\u0432\u043d\u043e\u0441\u0442\u0438 \u043d\u0430\u0445\u043e\u0434\u0438\u0442\u044c \u0440\u0430\u0437\u043d\u043e\u043e\u0431\u0440\u0430\u0437\u043d\u044b\u0435, \u0442\u0432\u043e\u0440\u0447\u0435\u0441\u043a\u0438\u0435 \u0438 \u0438\u043d\u043d\u043e\u0432\u0430\u0446\u0438\u043e\u043d\u043d\u044b\u0435 \u0440\u0435\u0448\u0435\u043d\u0438\u044f \u043f\u0440\u043e\u0431\u043b\u0435\u043c \u0441\u043e \u0437\u0434\u043e\u0440\u043e\u0432\u044c\u0435\u043c \u043a\u043b\u0438\u0435\u043d\u0442\u043e\u0432. \u041c\u0430\u0441\u0441\u0430\u0436\u0438\u0441\u0442 \u0433\u043e\u0442\u043e\u0432 \u0440\u0430\u0431\u043e\u0442\u0430\u0442\u044c \u043d\u0430 \u043e\u0442\u043a\u0440\u044b\u0442\u043e\u043c \u0440\u044b\u043d\u043a\u0435 \u0442\u0440\u0443\u0434\u0430 \u043d\u0430 \u043f\u0440\u0435\u0434\u043f\u0440\u0438\u044f\u0442\u0438\u044f\u0445, \u043f\u0440\u0435\u0434\u043e\u0441\u0442\u0430\u0432\u043b\u044f\u044e\u0449\u0438\u0445 \u043c\u0430\u0441\u0441\u0430\u0436\u043d\u044b\u0435 \u0443\u0441\u043b\u0443\u0433\u0438, \u0438\u043b\u0438\u00a0\u043f\u0440\u0435\u0434\u043f\u0440\u0438\u043d\u0438\u043c\u0430\u0442\u0435\u043b\u0435\u043c, \u0442\u0430\u043a\u0436\u0435 \u0433\u043e\u0442\u043e\u0432\u00a0\u043f\u0440\u043e\u0434\u043e\u043b\u0436\u0438\u0442\u044c \u043e\u0431\u0443\u0447\u0435\u043d\u0438\u0435 \u0432 \u0432\u044b\u0441\u0448\u0435\u043c \u0443\u0447\u0435\u0431\u043d\u043e\u043c \u0437\u0430\u0432\u0435\u0434\u0435\u043d\u0438\u0438 \u0438 \/ \u0438\u043b\u0438 \u0441\u043f\u0435\u0446\u0438\u0430\u043b\u0438\u0437\u0438\u0440\u043e\u0432\u0430\u0442\u044c\u0441\u044f \u043d\u0430 \u043c\u0430\u0441\u0441\u0430\u0436\u043d\u043e\u0433\u043e \u0442\u0435\u0440\u0430\u043f\u0435\u0432\u0442\u0430.\r\n\r\n<strong>\u0420\u0430\u0431\u043e\u0442\u0430 \u043c\u0430\u0441\u0441\u0430\u0436\u0438\u0441\u0442\u0430<\/strong> \u0437\u0430\u043a\u043b\u044e\u0447\u0430\u0435\u0442\u0441\u044f \u0432 \u0442\u043e\u043c, \u0447\u0442\u043e\u0431\u044b \u043f\u0440\u0435\u0434\u043e\u0441\u0442\u0430\u0432\u043b\u044f\u0442\u044c \u043a\u043b\u0438\u0435\u043d\u0442\u0443 \u0443\u0441\u043b\u0443\u0433\u0438 \u043c\u0430\u0441\u0441\u0430\u0436\u0430, \u0447\u0442\u043e\u0431\u044b \u0432\u043e\u0441\u0441\u0442\u0430\u043d\u043e\u0432\u0438\u0442\u044c \u0435\u0433\u043e \u0444\u0438\u0437\u0438\u0447\u0435\u0441\u043a\u0438\u0435 \u0438 \u0443\u043c\u0441\u0442\u0432\u0435\u043d\u043d\u044b\u0435 \u0441\u043f\u043e\u0441\u043e\u0431\u043d\u043e\u0441\u0442\u0438, \u043f\u0440\u0435\u0434\u043e\u0442\u0432\u0440\u0430\u0442\u0438\u0442\u044c \u043f\u0440\u043e\u0431\u043b\u0435\u043c\u044b \u0441\u043e \u0437\u0434\u043e\u0440\u043e\u0432\u044c\u0435\u043c, \u043f\u043e\u0432\u044b\u0441\u0438\u0442\u044c \u043e\u0431\u0449\u0443\u044e \u0441\u043e\u043f\u0440\u043e\u0442\u0438\u0432\u043b\u044f\u0435\u043c\u043e\u0441\u0442\u044c \u043e\u0440\u0433\u0430\u043d\u0438\u0437\u043c\u0430 \u0438 \u043f\u043e\u043c\u043e\u0447\u044c \u0434\u043e\u0441\u0442\u0438\u0447\u044c \u0445\u043e\u0440\u043e\u0448\u0435\u0433\u043e \u0441\u0430\u043c\u043e\u0447\u0443\u0432\u0441\u0442\u0432\u0438\u044f. \u041c\u0430\u0441\u0441\u0430\u0436\u0438\u0441\u0442 \u043a\u043e\u043d\u0441\u0443\u043b\u044c\u0442\u0438\u0440\u0443\u0435\u0442 \u0438 \u0438\u043d\u0441\u0442\u0440\u0443\u043a\u0442\u0438\u0440\u0443\u0435\u0442 \u043a\u043b\u0438\u0435\u043d\u0442\u043e\u0432 \u0438 \u043f\u0440\u0438 \u043d\u0435\u043e\u0431\u0445\u043e\u0434\u0438\u043c\u043e\u0441\u0442\u0438 \u0441\u043e\u0432\u0435\u0442\u0443\u0435\u0442 \u043e\u0431\u0440\u0430\u0442\u0438\u0442\u044c\u0441\u044f \u043a \u043c\u0435\u0434\u0438\u0446\u0438\u043d\u0441\u043a\u043e\u043c\u0443 \u0440\u0430\u0431\u043e\u0442\u043d\u0438\u043a\u0443.\r\n\r\n\u0414\u043e\u043f\u043e\u043b\u043d\u0438\u0442\u0435\u043b\u044c\u043d\u0430\u044f \u0438\u043d\u0444\u043e\u0440\u043c\u0430\u0446\u0438\u044f: \u0442\u0435\u043b 6646191 \u0438\u043b\u0438 <a href=\"mailto:info@massaaz.ee\">info@massaaz.ee<\/a>[\/vc_column_text][\/vc_column][\/vc_row]<\/div>","protected":false},"excerpt":{"rendered":"[vc_row pix_particles_check=&#187;&#187;][vc_column][vc_column_text css=&#187;&#187;]\u0424\u043e\u0440\u043c\u0430 \u043e\u0431\u0443\u0447\u0435\u043d\u0438\u044f:\u00a0\u043d\u0435\u0441\u0442\u0430\u0446\u0438\u043e\u043d\u0430\u0440\u043d\u0430\u044f \u0423\u0440\u043e\u0432\u0435\u043d\u044c \u043e\u0431\u0440\u0430\u0437\u043e\u0432\u0430\u043d\u0438\u044f:\u00a0\u0441\u043f\u0435\u0446\u0438\u0430\u043b\u044c\u043d\u043e\u0435 \u043f\u0440\u043e\u0444\u0435\u0441\u0441\u0438\u043e\u043d\u0430\u043b\u044c\u043d\u043e\u0435 \u043e\u0431\u0440\u0430\u0437\u043e\u0432\u0430\u043d\u0438\u0435, 5-\u0439 \u043a\u0432\u0430\u043b\u0438\u0444\u0438\u043a\u0430\u0446\u0438\u043e\u043d\u043d\u044b\u0439 \u0443\u0440\u043e\u0432\u0435\u043d\u044c \u0422\u0440\u0435\u0431\u043e\u0432\u0430\u043d\u0438\u0435 \u043a \u043e\u0431\u0440\u0430\u0437\u043e\u0432\u0430\u043d\u0438\u044e \u0434\u043e \u043d\u0430\u0447\u0430\u043b\u0430 \u043e\u0431\u0443\u0447\u0435\u043d\u0438\u044f:\u00a0 \u0441\u0440\u0435\u0434\u043d\u0435\u0435 \u043e\u0431\u0440\u0430\u0437\u043e\u0432\u0430\u043d\u0438\u0435 \u0421\u0444\u0435\u0440\u0430, \u043e\u0431\u043b\u0430\u0441\u0442\u044c:\u00a0\u0442\u0435\u0440\u0430\u043f\u0438\u044f \u0438 \u0432\u043e\u0441\u0441\u0442\u0430\u043d\u043e\u0432\u0438\u0442\u0435\u043b\u044c\u043d\u043e\u0435 \u043b\u0435\u0447\u0435\u043d\u0438\u0435 \u041f\u0435\u0440\u0438\u043e\u0434 \u043e\u0431\u0443\u0447\u0435\u043d\u0438\u044f:\u00a02 \u0433\u043e\u0434\u0430 Mass\u00f6\u00f6r rakenduskava 60EKAP (kood 10677) Mass\u00f6\u00f6r \u00f5ppekava 60 EKAP (kood 10677) \u0421\u0442\u043e\u0438\u043c\u043e\u0441\u0442\u044c \u043e\u0431\u0443\u0447\u0435\u043d\u0438\u044f:&#8230;","protected":false},"author":1,"featured_media":0,"parent":7948,"menu_order":0,"comment_status":"closed","ping_status":"closed","template":"","meta":{"_price":"","_stock":"","_tribe_ticket_header":"","_tribe_default_ticket_provider":"TEC\\Tickets\\Commerce\\Module","_tribe_ticket_capacity":"0","_ticket_start_date":"","_ticket_end_date":"","_tribe_ticket_show_description":"","_tribe_ticket_show_not_going":false,"_tribe_ticket_use_global_stock":"","_tribe_ticket_global_stock_level":"","_global_stock_mode":"","_global_stock_cap":"","_tribe_rsvp_for_event":"","_tribe_ticket_going_count":"","_tribe_ticket_not_going_count":"","_tribe_tickets_list":"[]","_tribe_ticket_has_attendee_info_fields":false,"footnotes":"","_tec_slr_enabled":"","_tec_slr_layout":""},"class_list":["post-7952","page","type-page","status-publish","hentry"],"yoast_head":"<!-- This site is optimized with the Yoast SEO plugin v27.3 - https:\/\/yoast.com\/product\/yoast-seo-wordpress\/ -->\n<title>\u041c\u0430\u0441\u0441\u0430\u0436\u0438\u0441\u0442 - Rakenduslik Massaa\u017ei- ja Teraapiakolled\u017e<\/title>\n<meta name=\"description\" content=\"\u041c\u0430\u0441\u0441\u0430\u0436\u0438\u0441\u0442 \u2014 \u043f\u0440\u043e\u0444\u0435\u0441\u0441\u0438\u043e\u043d\u0430\u043b\u044c\u043d\u043e\u0435 \u043e\u0431\u0443\u0447\u0435\u043d\u0438\u0435 \u043c\u0430\u0441\u0441\u0430\u0436\u0443 \u0432 \u0442\u0435\u0440\u0430\u043f\u0438\u0438 \u0438 \u0432\u043e\u0441\u0441\u0442\u0430\u043d\u043e\u0432\u0438\u0442\u0435\u043b\u044c\u043d\u043e\u043c \u043b\u0435\u0447\u0435\u043d\u0438\u0438: \u043a\u0443\u0440\u0441\u044b \u043c\u0430\u0441\u0441\u0430\u0436\u0430 \u0441 \u0433\u043e\u0441\u0443\u0434\u0430\u0440\u0441\u0442\u0432\u0435\u043d\u043d\u044b\u043c \u0430\u0442\u0442\u0435\u0441\u0442\u0430\u0442\u043e\u043c \u0438 \u043f\u043e\u0434\u0433\u043e\u0442\u043e\u0432\u043a\u043e\u0439 \u043a \u0440\u0430\u0431\u043e\u0442\u0435.\" \/>\n<meta name=\"robots\" content=\"noindex, follow, max-snippet:-1, max-image-preview:large, max-video-preview:-1\" \/>\n<meta property=\"og:locale\" content=\"ru_RU\" \/>\n<meta property=\"og:type\" content=\"article\" \/>\n<meta property=\"og:title\" content=\"\u041c\u0430\u0441\u0441\u0430\u0436\u0438\u0441\u0442 - Rakenduslik Massaa\u017ei- ja Teraapiakolled\u017e\" \/>\n<meta property=\"og:description\" content=\"\u041c\u0430\u0441\u0441\u0430\u0436\u0438\u0441\u0442 \u2014 \u043f\u0440\u043e\u0444\u0435\u0441\u0441\u0438\u043e\u043d\u0430\u043b\u044c\u043d\u043e\u0435 \u043e\u0431\u0443\u0447\u0435\u043d\u0438\u0435 \u043c\u0430\u0441\u0441\u0430\u0436\u0443 \u0432 \u0442\u0435\u0440\u0430\u043f\u0438\u0438 \u0438 \u0432\u043e\u0441\u0441\u0442\u0430\u043d\u043e\u0432\u0438\u0442\u0435\u043b\u044c\u043d\u043e\u043c \u043b\u0435\u0447\u0435\u043d\u0438\u0438: \u043a\u0443\u0440\u0441\u044b \u043c\u0430\u0441\u0441\u0430\u0436\u0430 \u0441 \u0433\u043e\u0441\u0443\u0434\u0430\u0440\u0441\u0442\u0432\u0435\u043d\u043d\u044b\u043c \u0430\u0442\u0442\u0435\u0441\u0442\u0430\u0442\u043e\u043c \u0438 \u043f\u043e\u0434\u0433\u043e\u0442\u043e\u0432\u043a\u043e\u0439 \u043a \u0440\u0430\u0431\u043e\u0442\u0435.\" \/>\n<meta property=\"og:url\" content=\"https:\/\/massaaz.veebistar.ee\/ru\/uchebnye-programmy\/massazhist\/\" \/>\n<meta property=\"og:site_name\" content=\"Rakenduslik Massaa\u017ei- ja Teraapiakolled\u017e\" \/>\n<meta property=\"article:modified_time\" content=\"2026-03-25T08:13:38+00:00\" \/>\n<meta name=\"twitter:card\" content=\"summary_large_image\" \/>\n<script type=\"application\/ld+json\" class=\"yoast-schema-graph\">{\"@context\":\"https:\\\/\\\/schema.org\",\"@graph\":[{\"@type\":\"WebPage\",\"@id\":\"https:\\\/\\\/massaaz.veebistar.ee\\\/ru\\\/uchebnye-programmy\\\/massazhist\\\/\",\"url\":\"https:\\\/\\\/massaaz.veebistar.ee\\\/ru\\\/uchebnye-programmy\\\/massazhist\\\/\",\"name\":\"\u041c\u0430\u0441\u0441\u0430\u0436\u0438\u0441\u0442 - Rakenduslik Massaa\u017ei- ja Teraapiakolled\u017e\",\"isPartOf\":{\"@id\":\"https:\\\/\\\/massaaz.veebistar.ee\\\/#website\"},\"datePublished\":\"2025-11-06T16:05:46+00:00\",\"dateModified\":\"2026-03-25T08:13:38+00:00\",\"description\":\"\u041c\u0430\u0441\u0441\u0430\u0436\u0438\u0441\u0442 \u2014 \u043f\u0440\u043e\u0444\u0435\u0441\u0441\u0438\u043e\u043d\u0430\u043b\u044c\u043d\u043e\u0435 \u043e\u0431\u0443\u0447\u0435\u043d\u0438\u0435 \u043c\u0430\u0441\u0441\u0430\u0436\u0443 \u0432 \u0442\u0435\u0440\u0430\u043f\u0438\u0438 \u0438 \u0432\u043e\u0441\u0441\u0442\u0430\u043d\u043e\u0432\u0438\u0442\u0435\u043b\u044c\u043d\u043e\u043c \u043b\u0435\u0447\u0435\u043d\u0438\u0438: \u043a\u0443\u0440\u0441\u044b \u043c\u0430\u0441\u0441\u0430\u0436\u0430 \u0441 \u0433\u043e\u0441\u0443\u0434\u0430\u0440\u0441\u0442\u0432\u0435\u043d\u043d\u044b\u043c \u0430\u0442\u0442\u0435\u0441\u0442\u0430\u0442\u043e\u043c \u0438 \u043f\u043e\u0434\u0433\u043e\u0442\u043e\u0432\u043a\u043e\u0439 \u043a \u0440\u0430\u0431\u043e\u0442\u0435.\",\"breadcrumb\":{\"@id\":\"https:\\\/\\\/massaaz.veebistar.ee\\\/ru\\\/uchebnye-programmy\\\/massazhist\\\/#breadcrumb\"},\"inLanguage\":\"ru-RU\",\"potentialAction\":[{\"@type\":\"ReadAction\",\"target\":[\"https:\\\/\\\/massaaz.veebistar.ee\\\/ru\\\/uchebnye-programmy\\\/massazhist\\\/\"]}]},{\"@type\":\"BreadcrumbList\",\"@id\":\"https:\\\/\\\/massaaz.veebistar.ee\\\/ru\\\/uchebnye-programmy\\\/massazhist\\\/#breadcrumb\",\"itemListElement\":[{\"@type\":\"ListItem\",\"position\":1,\"name\":\"Home\",\"item\":\"https:\\\/\\\/massaaz.veebistar.ee\\\/ru\\\/\"},{\"@type\":\"ListItem\",\"position\":2,\"name\":\"\u0423\u0447\u0435\u0431\u043d\u044b\u0435 \u043f\u0440\u043e\u0433\u0440\u0430\u043c\u043c\u044b\",\"item\":\"https:\\\/\\\/massaaz.veebistar.ee\\\/ru\\\/uchebnye-programmy\\\/\"},{\"@type\":\"ListItem\",\"position\":3,\"name\":\"\u041c\u0430\u0441\u0441\u0430\u0436\u0438\u0441\u0442\"}]},{\"@type\":\"WebSite\",\"@id\":\"https:\\\/\\\/massaaz.veebistar.ee\\\/#website\",\"url\":\"https:\\\/\\\/massaaz.veebistar.ee\\\/\",\"name\":\"Rakenduslik Massaa\u017ei- ja Teraapiakolled\u017e\",\"description\":\"\",\"potentialAction\":[{\"@type\":\"SearchAction\",\"target\":{\"@type\":\"EntryPoint\",\"urlTemplate\":\"https:\\\/\\\/massaaz.veebistar.ee\\\/?s={search_term_string}\"},\"query-input\":{\"@type\":\"PropertyValueSpecification\",\"valueRequired\":true,\"valueName\":\"search_term_string\"}}],\"inLanguage\":\"ru-RU\"}]}<\/script>\n<!-- \/ Yoast SEO plugin. -->","yoast_head_json":{"title":"\u041c\u0430\u0441\u0441\u0430\u0436\u0438\u0441\u0442 - Rakenduslik Massaa\u017ei- ja Teraapiakolled\u017e","description":"\u041c\u0430\u0441\u0441\u0430\u0436\u0438\u0441\u0442 \u2014 \u043f\u0440\u043e\u0444\u0435\u0441\u0441\u0438\u043e\u043d\u0430\u043b\u044c\u043d\u043e\u0435 \u043e\u0431\u0443\u0447\u0435\u043d\u0438\u0435 \u043c\u0430\u0441\u0441\u0430\u0436\u0443 \u0432 \u0442\u0435\u0440\u0430\u043f\u0438\u0438 \u0438 \u0432\u043e\u0441\u0441\u0442\u0430\u043d\u043e\u0432\u0438\u0442\u0435\u043b\u044c\u043d\u043e\u043c \u043b\u0435\u0447\u0435\u043d\u0438\u0438: \u043a\u0443\u0440\u0441\u044b \u043c\u0430\u0441\u0441\u0430\u0436\u0430 \u0441 \u0433\u043e\u0441\u0443\u0434\u0430\u0440\u0441\u0442\u0432\u0435\u043d\u043d\u044b\u043c \u0430\u0442\u0442\u0435\u0441\u0442\u0430\u0442\u043e\u043c \u0438 \u043f\u043e\u0434\u0433\u043e\u0442\u043e\u0432\u043a\u043e\u0439 \u043a \u0440\u0430\u0431\u043e\u0442\u0435.","robots":{"index":"noindex","follow":"follow","max-snippet":"max-snippet:-1","max-image-preview":"max-image-preview:large","max-video-preview":"max-video-preview:-1"},"og_locale":"ru_RU","og_type":"article","og_title":"\u041c\u0430\u0441\u0441\u0430\u0436\u0438\u0441\u0442 - Rakenduslik Massaa\u017ei- ja Teraapiakolled\u017e","og_description":"\u041c\u0430\u0441\u0441\u0430\u0436\u0438\u0441\u0442 \u2014 \u043f\u0440\u043e\u0444\u0435\u0441\u0441\u0438\u043e\u043d\u0430\u043b\u044c\u043d\u043e\u0435 \u043e\u0431\u0443\u0447\u0435\u043d\u0438\u0435 \u043c\u0430\u0441\u0441\u0430\u0436\u0443 \u0432 \u0442\u0435\u0440\u0430\u043f\u0438\u0438 \u0438 \u0432\u043e\u0441\u0441\u0442\u0430\u043d\u043e\u0432\u0438\u0442\u0435\u043b\u044c\u043d\u043e\u043c \u043b\u0435\u0447\u0435\u043d\u0438\u0438: \u043a\u0443\u0440\u0441\u044b \u043c\u0430\u0441\u0441\u0430\u0436\u0430 \u0441 \u0433\u043e\u0441\u0443\u0434\u0430\u0440\u0441\u0442\u0432\u0435\u043d\u043d\u044b\u043c \u0430\u0442\u0442\u0435\u0441\u0442\u0430\u0442\u043e\u043c \u0438 \u043f\u043e\u0434\u0433\u043e\u0442\u043e\u0432\u043a\u043e\u0439 \u043a \u0440\u0430\u0431\u043e\u0442\u0435.","og_url":"https:\/\/massaaz.veebistar.ee\/ru\/uchebnye-programmy\/massazhist\/","og_site_name":"Rakenduslik Massaa\u017ei- ja Teraapiakolled\u017e","article_modified_time":"2026-03-25T08:13:38+00:00","twitter_card":"summary_large_image","schema":{"@context":"https:\/\/schema.org","@graph":[{"@type":"WebPage","@id":"https:\/\/massaaz.veebistar.ee\/ru\/uchebnye-programmy\/massazhist\/","url":"https:\/\/massaaz.veebistar.ee\/ru\/uchebnye-programmy\/massazhist\/","name":"\u041c\u0430\u0441\u0441\u0430\u0436\u0438\u0441\u0442 - Rakenduslik Massaa\u017ei- ja Teraapiakolled\u017e","isPartOf":{"@id":"https:\/\/massaaz.veebistar.ee\/#website"},"datePublished":"2025-11-06T16:05:46+00:00","dateModified":"2026-03-25T08:13:38+00:00","description":"\u041c\u0430\u0441\u0441\u0430\u0436\u0438\u0441\u0442 \u2014 \u043f\u0440\u043e\u0444\u0435\u0441\u0441\u0438\u043e\u043d\u0430\u043b\u044c\u043d\u043e\u0435 \u043e\u0431\u0443\u0447\u0435\u043d\u0438\u0435 \u043c\u0430\u0441\u0441\u0430\u0436\u0443 \u0432 \u0442\u0435\u0440\u0430\u043f\u0438\u0438 \u0438 \u0432\u043e\u0441\u0441\u0442\u0430\u043d\u043e\u0432\u0438\u0442\u0435\u043b\u044c\u043d\u043e\u043c \u043b\u0435\u0447\u0435\u043d\u0438\u0438: \u043a\u0443\u0440\u0441\u044b \u043c\u0430\u0441\u0441\u0430\u0436\u0430 \u0441 \u0433\u043e\u0441\u0443\u0434\u0430\u0440\u0441\u0442\u0432\u0435\u043d\u043d\u044b\u043c \u0430\u0442\u0442\u0435\u0441\u0442\u0430\u0442\u043e\u043c \u0438 \u043f\u043e\u0434\u0433\u043e\u0442\u043e\u0432\u043a\u043e\u0439 \u043a \u0440\u0430\u0431\u043e\u0442\u0435.","breadcrumb":{"@id":"https:\/\/massaaz.veebistar.ee\/ru\/uchebnye-programmy\/massazhist\/#breadcrumb"},"inLanguage":"ru-RU","potentialAction":[{"@type":"ReadAction","target":["https:\/\/massaaz.veebistar.ee\/ru\/uchebnye-programmy\/massazhist\/"]}]},{"@type":"BreadcrumbList","@id":"https:\/\/massaaz.veebistar.ee\/ru\/uchebnye-programmy\/massazhist\/#breadcrumb","itemListElement":[{"@type":"ListItem","position":1,"name":"Home","item":"https:\/\/massaaz.veebistar.ee\/ru\/"},{"@type":"ListItem","position":2,"name":"\u0423\u0447\u0435\u0431\u043d\u044b\u0435 \u043f\u0440\u043e\u0433\u0440\u0430\u043c\u043c\u044b","item":"https:\/\/massaaz.veebistar.ee\/ru\/uchebnye-programmy\/"},{"@type":"ListItem","position":3,"name":"\u041c\u0430\u0441\u0441\u0430\u0436\u0438\u0441\u0442"}]},{"@type":"WebSite","@id":"https:\/\/massaaz.veebistar.ee\/#website","url":"https:\/\/massaaz.veebistar.ee\/","name":"Rakenduslik Massaa\u017ei- ja Teraapiakolled\u017e","description":"","potentialAction":[{"@type":"SearchAction","target":{"@type":"EntryPoint","urlTemplate":"https:\/\/massaaz.veebistar.ee\/?s={search_term_string}"},"query-input":{"@type":"PropertyValueSpecification","valueRequired":true,"valueName":"search_term_string"}}],"inLanguage":"ru-RU"}]}},"ticketed":false,"_links":{"self":[{"href":"https:\/\/massaaz.veebistar.ee\/ru\/wp-json\/wp\/v2\/pages\/7952","targetHints":{"allow":["GET"]}}],"collection":[{"href":"https:\/\/massaaz.veebistar.ee\/ru\/wp-json\/wp\/v2\/pages"}],"about":[{"href":"https:\/\/massaaz.veebistar.ee\/ru\/wp-json\/wp\/v2\/types\/page"}],"author":[{"embeddable":true,"href":"https:\/\/massaaz.veebistar.ee\/ru\/wp-json\/wp\/v2\/users\/1"}],"replies":[{"embeddable":true,"href":"https:\/\/massaaz.veebistar.ee\/ru\/wp-json\/wp\/v2\/comments?post=7952"}],"version-history":[{"count":4,"href":"https:\/\/massaaz.veebistar.ee\/ru\/wp-json\/wp\/v2\/pages\/7952\/revisions"}],"predecessor-version":[{"id":7958,"href":"https:\/\/massaaz.veebistar.ee\/ru\/wp-json\/wp\/v2\/pages\/7952\/revisions\/7958"}],"up":[{"embeddable":true,"href":"https:\/\/massaaz.veebistar.ee\/ru\/wp-json\/wp\/v2\/pages\/7948"}],"wp:attachment":[{"href":"https:\/\/massaaz.veebistar.ee\/ru\/wp-json\/wp\/v2\/media?parent=7952"}],"curies":[{"name":"wp","href":"https:\/\/api.w.org\/{rel}","templated":true}]}}